  {"id":61391,"date":"2019-11-08T10:19:46","date_gmt":"2019-11-08T10:19:46","guid":{"rendered":"https:\/\/www.dornier.com\/careers-with-dornier\/"},"modified":"2025-01-17T09:24:48","modified_gmt":"2025-01-17T09:24:48","slug":"careers-with-dornier","status":"publish","type":"page","link":"https:\/\/www.dornier.com\/pt-pt\/careers-with-dornier\/","title":{"rendered":"Careers with Dornier"},"content":{"rendered":"\t\t<div data-elementor-type=\"wp-page\" data-elementor-id=\"61391\" class=\"elementor elementor-61391 elementor-8257\" data-elementor-post-type=\"page\">\n\t\t\t\t\t\t<section class=\"elementor-section elementor-top-section elementor-element elementor-element-71761a15 elementor-section-height-min-height elementor-section-items-stretch elementor-section-boxed elementor-section-height-default\" data-id=\"71761a15\" data-element_type=\"section\" data-settings=\"{&quot;jet_parallax_layout_list&quot;:[],&quot;background_background&quot;:&quot;classic&quot;}\">\n\t\t\t\t\t\t\t<div class=\"elementor-background-overlay\"><\/div>\n\t\t\t\t\t\t\t<div class=\"elementor-container elementor-column-gap-no\">\n\t\t\t\t\t<div class=\"elementor-column elementor-col-100 elementor-top-column elementor-element elementor-element-1bf7ce83\" data-id=\"1bf7ce83\" data-element_type=\"column\">\n\t\t\t<div class=\"elementor-widget-wrap elementor-element-populated\">\n\t\t\t\t\t\t<div class=\"elementor-element elementor-element-2358f408 elementor-widget elementor-widget-heading\" data-id=\"2358f408\" data-element_type=\"widget\" data-widget_type=\"heading.default\">\n\t\t\t\t<div class=\"elementor-widget-container\">\n\t\t\t\t\t<h1 class=\"elementor-heading-title elementor-size-default\">Carreiras na Dornier<\/h1>\t\t\t\t<\/div>\n\t\t\t\t<\/div>\n\t\t\t\t\t<\/div>\n\t\t<\/div>\n\t\t\t\t\t<\/div>\n\t\t<\/section>\n\t\t\t\t<section class=\"elementor-section elementor-top-section elementor-element elementor-element-53aca06c elementor-section-boxed elementor-section-height-default elementor-section-height-default\" data-id=\"53aca06c\" data-element_type=\"section\" data-settings=\"{&quot;jet_parallax_layout_list&quot;:[]}\">\n\t\t\t\t\t\t<div class=\"elementor-container elementor-column-gap-default\">\n\t\t\t\t\t<div class=\"elementor-column elementor-col-100 elementor-top-column elementor-element elementor-element-69843c6e container\" data-id=\"69843c6e\" data-element_type=\"column\">\n\t\t\t<div class=\"elementor-widget-wrap elementor-element-populated\">\n\t\t\t\t\t\t<div class=\"elementor-element elementor-element-12884ddd elementor-widget__width-initial elementor-widget elementor-widget-text-editor\" data-id=\"12884ddd\" data-element_type=\"widget\" data-widget_type=\"text-editor.default\">\n\t\t\t\t<div class=\"elementor-widget-container\">\n\t\t\t\t\t\t\t\t\t<p>A Dornier tem vindo a liderar uma nova era da urologia e a ter impacto na vida de milh\u00f5es de pacientes em todo o mundo. Com base nos nossos valores essenciais, apostamos na inova\u00e7\u00e3o, agimos com sentido de urg\u00eancia e coopera\u00e7\u00e3o e promovemos uma lideran\u00e7a aut\u00eantica e respons\u00e1vel. Somos uma organiza\u00e7\u00e3o global com vis\u00e3o de futuro que coloca as pessoas em primeiro lugar.<\/p>\t\t\t\t\t\t\t\t<\/div>\n\t\t\t\t<\/div>\n\t\t\t\t\t<\/div>\n\t\t<\/div>\n\t\t\t\t\t<\/div>\n\t\t<\/section>\n\t\t\t\t<section class=\"elementor-section elementor-top-section elementor-element elementor-element-6539690a elementor-section-full_width elementor-section-height-default elementor-section-height-default\" data-id=\"6539690a\" data-element_type=\"section\" data-settings=\"{&quot;jet_parallax_layout_list&quot;:[]}\">\n\t\t\t\t\t\t<div class=\"elementor-container elementor-column-gap-no\">\n\t\t\t\t\t<div class=\"elementor-column elementor-col-100 elementor-top-column elementor-element elementor-element-465769c8\" data-id=\"465769c8\" data-element_type=\"column\">\n\t\t\t<div class=\"elementor-widget-wrap\">\n\t\t\t\t\t\t\t<\/div>\n\t\t<\/div>\n\t\t\t\t\t<\/div>\n\t\t<\/section>\n\t\t\t\t<section class=\"elementor-section elementor-top-section elementor-element elementor-element-68073c19 elementor-section-boxed elementor-section-height-default elementor-section-height-default\" data-id=\"68073c19\" data-element_type=\"section\" data-settings=\"{&quot;jet_parallax_layout_list&quot;:[],&quot;background_background&quot;:&quot;classic&quot;}\">\n\t\t\t\t\t\t<div class=\"elementor-container elementor-column-gap-default\">\n\t\t\t\t\t<div class=\"elementor-column elementor-col-100 elementor-top-column elementor-element elementor-element-63886794 container\" data-id=\"63886794\" data-element_type=\"column\">\n\t\t\t<div class=\"elementor-widget-wrap elementor-element-populated\">\n\t\t\t\t\t\t<div class=\"elementor-element elementor-element-46cfadd9 elementor-widget elementor-widget-heading\" data-id=\"46cfadd9\" data-element_type=\"widget\" data-widget_type=\"heading.default\">\n\t\t\t\t<div class=\"elementor-widget-container\">\n\t\t\t\t\t<h2 class=\"elementor-heading-title elementor-size-default\">Junte-se \u00e0 nossa equipa<\/h2>\t\t\t\t<\/div>\n\t\t\t\t<\/div>\n\t\t\t\t\t<\/div>\n\t\t<\/div>\n\t\t\t\t\t<\/div>\n\t\t<\/section>\n\t\t\t\t<section class=\"elementor-section elementor-top-section elementor-element elementor-element-60eb4bf8 elementor-section-boxed elementor-section-height-default elementor-section-height-default\" data-id=\"60eb4bf8\" data-element_type=\"section\" data-settings=\"{&quot;jet_parallax_layout_list&quot;:[]}\">\n\t\t\t\t\t\t<div class=\"elementor-container elementor-column-gap-default\">\n\t\t\t\t\t<div class=\"elementor-column elementor-col-100 elementor-top-column elementor-element elementor-element-6ad307e4 container\" data-id=\"6ad307e4\" data-element_type=\"column\">\n\t\t\t<div class=\"elementor-widget-wrap elementor-element-populated\">\n\t\t\t\t\t\t<div class=\"elementor-element elementor-element-5823ebb0 elementor-widget elementor-widget-heading\" data-id=\"5823ebb0\" data-element_type=\"widget\" data-widget_type=\"heading.default\">\n\t\t\t\t<div class=\"elementor-widget-container\">\n\t\t\t\t\t<h2 class=\"elementor-heading-title elementor-size-default\">DORNIER FUTURE FORWARD<\/h2>\t\t\t\t<\/div>\n\t\t\t\t<\/div>\n\t\t\t\t<div class=\"elementor-element elementor-element-1a7399c0 elementor-widget elementor-widget-text-editor\" data-id=\"1a7399c0\" data-element_type=\"widget\" data-widget_type=\"text-editor.default\">\n\t\t\t\t<div class=\"elementor-widget-container\">\n\t\t\t\t\t\t\t\t\t<p>Global Graduate Development Program<\/p>\n\t\t\t\t\t\t\t\t<\/div>\n\t\t\t\t<\/div>\n\t\t\t\t<div class=\"elementor-element elementor-element-6686b6a8 elementor-widget__width-initial elementor-widget elementor-widget-text-editor\" data-id=\"6686b6a8\" data-element_type=\"widget\" data-widget_type=\"text-editor.default\">\n\t\t\t\t<div class=\"elementor-widget-container\">\n\t\t\t\t\t\t\t\t\t<p>Future Forward is a global graduate program designed to accelerate learning and help new graduates find global career opportunities and realize their potential by becoming an independent contributor over a 2-year timeline.<\/p>\n<p>Build your capabilities using a practical and hands-on approach!<\/p>\n<p><strong>The Future Forward global graduate program is currently ongoing in these 3 countries:<\/strong><\/p>\n\t\t\t\t\t\t\t\t<\/div>\n\t\t\t\t<\/div>\n\t\t\t\t<section class=\"elementor-section elementor-inner-section elementor-element elementor-element-2bbf396d elementor-section-boxed elementor-section-height-default elementor-section-height-default\" data-id=\"2bbf396d\" data-element_type=\"section\" data-settings=\"{&quot;jet_parallax_layout_list&quot;:[]}\">\n\t\t\t\t\t\t<div class=\"elementor-container elementor-column-gap-no\">\n\t\t\t\t\t<div class=\"elementor-column elementor-col-33 elementor-inner-column elementor-element elementor-element-432c78d6\" data-id=\"432c78d6\" data-element_type=\"column\">\n\t\t\t<div class=\"elementor-widget-wrap elementor-element-populated\">\n\t\t\t\t\t\t<div class=\"elementor-element elementor-element-637c5258 elementor-widget elementor-widget-image\" data-id=\"637c5258\" data-element_type=\"widget\" data-widget_type=\"image.default\">\n\t\t\t\t<div class=\"elementor-widget-container\">\n\t\t\t\t\t\t\t\t\t\t\t\t\t\t\t<img fetchpriority=\"high\" decoding=\"async\" width=\"881\" height=\"661\" src=\"https:\/\/www.dornier.com\/wp-content\/uploads\/2023\/03\/Artboard-8@2x.png\" class=\"attachment-large size-large wp-image-48445\" alt=\"Artboard 8@2x.png\" srcset=\"https:\/\/www.dornier.com\/wp-content\/uploads\/2023\/03\/Artboard-8@2x.png 881w, https:\/\/www.dornier.com\/wp-content\/uploads\/2023\/03\/Artboard-8@2x-300x225.png 300w, https:\/\/www.dornier.com\/wp-content\/uploads\/2023\/03\/Artboard-8@2x-768x576.png 768w\" sizes=\"(-webkit-min-device-pixel-ratio: 2) 50vw, (min-resolution: 192dpi) 50vw, (min-resolution: 2dppx) 50vw, (-webkit-min-device-pixel-ratio: 3) 33.33vw, (min-resolution: 288dpi) 33.33vw, (min-resolution: 3dppx) 33.33vw, (max-width: 881px) 100vw, 881px\" \/>\t\t\t\t\t\t\t\t\t\t\t\t\t\t\t<\/div>\n\t\t\t\t<\/div>\n\t\t\t\t<div class=\"elementor-element elementor-element-bd0dfac elementor-align-justify elementor-widget__width-initial elementor-widget elementor-widget-button\" data-id=\"bd0dfac\" data-element_type=\"widget\" data-widget_type=\"button.default\">\n\t\t\t\t<div class=\"elementor-widget-container\">\n\t\t\t\t\t\t\t\t\t<div class=\"elementor-button-wrapper\">\n\t\t\t\t\t<a class=\"elementor-button elementor-button-link elementor-size-sm\" href=\"https:\/\/dornierdev.wpengine.com\/europe\/future-forward-germany\/\">\n\t\t\t\t\t\t<span class=\"elementor-button-content-wrapper\">\n\t\t\t\t\t\t\t\t\t<span class=\"elementor-button-text\">Alemanha<\/span>\n\t\t\t\t\t<\/span>\n\t\t\t\t\t<\/a>\n\t\t\t\t<\/div>\n\t\t\t\t\t\t\t\t<\/div>\n\t\t\t\t<\/div>\n\t\t\t\t\t<\/div>\n\t\t<\/div>\n\t\t\t\t<div class=\"elementor-column elementor-col-33 elementor-inner-column elementor-element elementor-element-37b5f626\" data-id=\"37b5f626\" data-element_type=\"column\">\n\t\t\t<div class=\"elementor-widget-wrap elementor-element-populated\">\n\t\t\t\t\t\t<div class=\"elementor-element elementor-element-4f7c151e elementor-widget elementor-widget-image\" data-id=\"4f7c151e\" data-element_type=\"widget\" data-widget_type=\"image.default\">\n\t\t\t\t<div class=\"elementor-widget-container\">\n\t\t\t\t\t\t\t\t\t\t\t\t\t\t\t<img decoding=\"async\" width=\"1024\" height=\"768\" src=\"https:\/\/www.dornier.com\/wp-content\/uploads\/2023\/03\/image-1024x768.png\" class=\"attachment-large size-large wp-image-48454\" alt=\"Image.png\" srcset=\"https:\/\/www.dornier.com\/wp-content\/uploads\/2023\/03\/image-1024x768.png 1024w, https:\/\/www.dornier.com\/wp-content\/uploads\/2023\/03\/image-300x225.png 300w, https:\/\/www.dornier.com\/wp-content\/uploads\/2023\/03\/image-768x576.png 768w, https:\/\/www.dornier.com\/wp-content\/uploads\/2023\/03\/image.png 1200w\" sizes=\"(-webkit-min-device-pixel-ratio: 2) 50vw, (min-resolution: 192dpi) 50vw, (min-resolution: 2dppx) 50vw, (-webkit-min-device-pixel-ratio: 3) 33.33vw, (min-resolution: 288dpi) 33.33vw, (min-resolution: 3dppx) 33.33vw, (max-width: 1024px) 100vw, 1024px\" \/>\t\t\t\t\t\t\t\t\t\t\t\t\t\t\t<\/div>\n\t\t\t\t<\/div>\n\t\t\t\t<div class=\"elementor-element elementor-element-446edcb elementor-align-justify elementor-widget__width-initial elementor-widget elementor-widget-button\" data-id=\"446edcb\" data-element_type=\"widget\" data-widget_type=\"button.default\">\n\t\t\t\t<div class=\"elementor-widget-container\">\n\t\t\t\t\t\t\t\t\t<div class=\"elementor-button-wrapper\">\n\t\t\t\t\t<a class=\"elementor-button elementor-button-link elementor-size-sm\" href=\"https:\/\/www.dornier.com\/asia-south\/future-forward-asia\/\">\n\t\t\t\t\t\t<span class=\"elementor-button-content-wrapper\">\n\t\t\t\t\t\t\t\t\t<span class=\"elementor-button-text\">Singapore<\/span>\n\t\t\t\t\t<\/span>\n\t\t\t\t\t<\/a>\n\t\t\t\t<\/div>\n\t\t\t\t\t\t\t\t<\/div>\n\t\t\t\t<\/div>\n\t\t\t\t\t<\/div>\n\t\t<\/div>\n\t\t\t\t<div class=\"elementor-column elementor-col-33 elementor-inner-column elementor-element elementor-element-2420af2\" data-id=\"2420af2\" data-element_type=\"column\">\n\t\t\t<div class=\"elementor-widget-wrap elementor-element-populated\">\n\t\t\t\t\t\t<div class=\"elementor-element elementor-element-389418d3 elementor-widget elementor-widget-image\" data-id=\"389418d3\" data-element_type=\"widget\" data-widget_type=\"image.default\">\n\t\t\t\t<div class=\"elementor-widget-container\">\n\t\t\t\t\t\t\t\t\t\t\t\t\t\t\t<img decoding=\"async\" width=\"881\" height=\"661\" src=\"https:\/\/www.dornier.com\/wp-content\/uploads\/2023\/03\/Artboard-10@2x.png\" class=\"attachment-large size-large wp-image-48463\" alt=\"Artboard 10@2x.png\" srcset=\"https:\/\/www.dornier.com\/wp-content\/uploads\/2023\/03\/Artboard-10@2x.png 881w, https:\/\/www.dornier.com\/wp-content\/uploads\/2023\/03\/Artboard-10@2x-300x225.png 300w, https:\/\/www.dornier.com\/wp-content\/uploads\/2023\/03\/Artboard-10@2x-768x576.png 768w\" sizes=\"(-webkit-min-device-pixel-ratio: 2) 50vw, (min-resolution: 192dpi) 50vw, (min-resolution: 2dppx) 50vw, (-webkit-min-device-pixel-ratio: 3) 33.33vw, (min-resolution: 288dpi) 33.33vw, (min-resolution: 3dppx) 33.33vw, (max-width: 881px) 100vw, 881px\" \/>\t\t\t\t\t\t\t\t\t\t\t\t\t\t\t<\/div>\n\t\t\t\t<\/div>\n\t\t\t\t<div class=\"elementor-element elementor-element-6dc89dc1 elementor-align-justify elementor-widget__width-initial elementor-widget elementor-widget-button\" data-id=\"6dc89dc1\" data-element_type=\"widget\" data-widget_type=\"button.default\">\n\t\t\t\t<div class=\"elementor-widget-container\">\n\t\t\t\t\t\t\t\t\t<div class=\"elementor-button-wrapper\">\n\t\t\t\t\t<a class=\"elementor-button elementor-button-link elementor-size-sm\" href=\"https:\/\/www.dornierchina.com\/news.aspx?channel_id=1&#038;id=65\">\n\t\t\t\t\t\t<span class=\"elementor-button-content-wrapper\">\n\t\t\t\t\t\t\t\t\t<span class=\"elementor-button-text\">China<\/span>\n\t\t\t\t\t<\/span>\n\t\t\t\t\t<\/a>\n\t\t\t\t<\/div>\n\t\t\t\t\t\t\t\t<\/div>\n\t\t\t\t<\/div>\n\t\t\t\t\t<\/div>\n\t\t<\/div>\n\t\t\t\t\t<\/div>\n\t\t<\/section>\n\t\t\t\t\t<\/div>\n\t\t<\/div>\n\t\t\t\t\t<\/div>\n\t\t<\/section>\n\t\t\t\t<\/div>\n\t\t","protected":false},"excerpt":{"rendered":"<p>Carreiras na Dornier A Dornier tem vindo a liderar uma nova era da urologia e a ter impacto na vida de milh\u00f5es de pacientes em todo o mundo. Com base nos nossos valores essenciais, apostamos na inova\u00e7\u00e3o, agimos com sentido de urg\u00eancia e coopera\u00e7\u00e3o e promovemos uma lideran\u00e7a aut\u00eantica e respons\u00e1vel. Somos uma organiza\u00e7\u00e3o global [&hellip;]<\/p>\n","protected":false},"author":20,"featured_media":0,"parent":0,"menu_order":0,"comment_status":"closed","ping_status":"closed","template":"","meta":{"_acf_changed":false,"footnotes":""},"class_list":["post-61391","page","type-page","status-publish","hentry"],"acf":[],"yoast_head":"<!-- This site is optimized with the Yoast SEO plugin v26.5 - https:\/\/yoast.com\/wordpress\/plugins\/seo\/ -->\n<title>Careers with Dornier &#8212; 水仙直播<\/title>\n<meta name=\"description\" content=\"Carreiras na Dornier A Dornier tem vindo a liderar uma nova era da urologia e a ter impacto na vida de milh\u00f5es de pacientes em todo o mundo. Com base nos\" \/>\n<meta name=\"robots\" content=\"index, follow, max-snippet:-1, max-image-preview:large, max-video-preview:-1\" \/>\n<link rel=\"canonical\" href=\"https:\/\/www.dornier.com\/pt-pt\/careers-with-dornier\/\" \/>\n<meta property=\"og:locale\" content=\"pt_PT\" \/>\n<meta property=\"og:type\" content=\"article\" \/>\n<meta property=\"og:title\" content=\"Careers with Dornier &#8212; 水仙直播\" \/>\n<meta property=\"og:description\" content=\"Carreiras na Dornier A Dornier tem vindo a liderar uma nova era da urologia e a ter impacto na vida de milh\u00f5es de pacientes em todo o mundo. Com base nos\" \/>\n<meta property=\"og:url\" content=\"https:\/\/www.dornier.com\/pt-pt\/careers-with-dornier\/\" \/>\n<meta property=\"og:site_name\" content=\"水仙直播\" \/>\n<meta property=\"article:publisher\" content=\"https:\/\/www.facebook.com\/DornierMedTechGmbH\/\" \/>\n<meta property=\"article:modified_time\" content=\"2025-01-17T09:24:48+00:00\" \/>\n<meta property=\"og:image\" content=\"https:\/\/www.dornier.com\/wp-content\/uploads\/2023\/03\/Artboard-8@2x.png\" \/>\n\t<meta property=\"og:image:width\" content=\"881\" \/>\n\t<meta property=\"og:image:height\" content=\"661\" \/>\n\t<meta property=\"og:image:type\" content=\"image\/png\" \/>\n<meta name=\"twitter:card\" content=\"summary_large_image\" \/>\n<meta name=\"twitter:site\" content=\"@DornierMedTech\" \/>\n<script type=\"application\/ld+json\" class=\"yoast-schema-graph\">{\"@context\":\"https:\/\/schema.org\",\"@graph\":[{\"@type\":\"WebPage\",\"@id\":\"https:\/\/www.dornier.com\/pt-pt\/careers-with-dornier\/\",\"url\":\"https:\/\/www.dornier.com\/pt-pt\/careers-with-dornier\/\",\"name\":\"Careers with Dornier &#8212; 水仙直播\",\"isPartOf\":{\"@id\":\"https:\/\/www.dornier.com\/#website\"},\"primaryImageOfPage\":{\"@id\":\"https:\/\/www.dornier.com\/pt-pt\/careers-with-dornier\/#primaryimage\"},\"image\":{\"@id\":\"https:\/\/www.dornier.com\/pt-pt\/careers-with-dornier\/#primaryimage\"},\"thumbnailUrl\":\"https:\/\/www.dornier.com\/wp-content\/uploads\/2023\/03\/Artboard-8@2x.png\",\"datePublished\":\"2019-11-08T10:19:46+00:00\",\"dateModified\":\"2025-01-17T09:24:48+00:00\",\"description\":\"Carreiras na Dornier A Dornier tem vindo a liderar uma nova era da urologia e a ter impacto na vida de milh\u00f5es de pacientes em todo o mundo. Com base nos\",\"breadcrumb\":{\"@id\":\"https:\/\/www.dornier.com\/pt-pt\/careers-with-dornier\/#breadcrumb\"},\"inLanguage\":\"pt-PT\",\"potentialAction\":[{\"@type\":\"ReadAction\",\"target\":[\"https:\/\/www.dornier.com\/pt-pt\/careers-with-dornier\/\"]}]},{\"@type\":\"ImageObject\",\"inLanguage\":\"pt-PT\",\"@id\":\"https:\/\/www.dornier.com\/pt-pt\/careers-with-dornier\/#primaryimage\",\"url\":\"https:\/\/www.dornier.com\/wp-content\/uploads\/2023\/03\/Artboard-8@2x.png\",\"contentUrl\":\"https:\/\/www.dornier.com\/wp-content\/uploads\/2023\/03\/Artboard-8@2x.png\"},{\"@type\":\"BreadcrumbList\",\"@id\":\"https:\/\/www.dornier.com\/pt-pt\/careers-with-dornier\/#breadcrumb\",\"itemListElement\":[{\"@type\":\"ListItem\",\"position\":1,\"name\":\"Home\",\"item\":\"https:\/\/www.dornier.com\/\"},{\"@type\":\"ListItem\",\"position\":2,\"name\":\"Careers with Dornier\"}]},{\"@type\":\"WebSite\",\"@id\":\"https:\/\/www.dornier.com\/#website\",\"url\":\"https:\/\/www.dornier.com\/\",\"name\":\"水仙直播\",\"description\":\"水仙直播 A Leading Urological Medical Device Company\",\"publisher\":{\"@id\":\"https:\/\/www.dornier.com\/#organization\"},\"potentialAction\":[{\"@type\":\"SearchAction\",\"target\":{\"@type\":\"EntryPoint\",\"urlTemplate\":\"https:\/\/www.dornier.com\/?s={search_term_string}\"},\"query-input\":{\"@type\":\"PropertyValueSpecification\",\"valueRequired\":true,\"valueName\":\"search_term_string\"}}],\"inLanguage\":\"pt-PT\"},{\"@type\":\"Organization\",\"@id\":\"https:\/\/www.dornier.com\/#organization\",\"name\":\"水仙直播\",\"url\":\"https:\/\/www.dornier.com\/\",\"logo\":{\"@type\":\"ImageObject\",\"inLanguage\":\"pt-PT\",\"@id\":\"https:\/\/www.dornier.com\/#\/schema\/logo\/image\/\",\"url\":\"https:\/\/www.dornier.com\/wp-content\/uploads\/2015\/11\/cropped-Dornier-MedTech-h.png\",\"contentUrl\":\"https:\/\/www.dornier.com\/wp-content\/uploads\/2015\/11\/cropped-Dornier-MedTech-h.png\",\"width\":292,\"height\":77,\"caption\":\"水仙直播\"},\"image\":{\"@id\":\"https:\/\/www.dornier.com\/#\/schema\/logo\/image\/\"},\"sameAs\":[\"https:\/\/www.facebook.com\/DornierMedTechGmbH\/\",\"https:\/\/x.com\/DornierMedTech\",\"https:\/\/www.instagram.com\/dorniermedtech\/\",\"https:\/\/linkedin.com\/company\/dornier-medtech\",\"https:\/\/www.youtube.com\/user\/DornierMedTechVideo\/\"]}]}<\/script>\n<!-- \/ Yoast SEO plugin. -->","yoast_head_json":{"title":"Careers with Dornier &#8212; 水仙直播","description":"Carreiras na Dornier A Dornier tem vindo a liderar uma nova era da urologia e a ter impacto na vida de milh\u00f5es de pacientes em todo o mundo. Com base nos","robots":{"index":"index","follow":"follow","max-snippet":"max-snippet:-1","max-image-preview":"max-image-preview:large","max-video-preview":"max-video-preview:-1"},"canonical":"https:\/\/www.dornier.com\/pt-pt\/careers-with-dornier\/","og_locale":"pt_PT","og_type":"article","og_title":"Careers with Dornier &#8212; 水仙直播","og_description":"Carreiras na Dornier A Dornier tem vindo a liderar uma nova era da urologia e a ter impacto na vida de milh\u00f5es de pacientes em todo o mundo. Com base nos","og_url":"https:\/\/www.dornier.com\/pt-pt\/careers-with-dornier\/","og_site_name":"水仙直播","article_publisher":"https:\/\/www.facebook.com\/DornierMedTechGmbH\/","article_modified_time":"2025-01-17T09:24:48+00:00","og_image":[{"width":881,"height":661,"url":"https:\/\/www.dornier.com\/wp-content\/uploads\/2023\/03\/Artboard-8@2x.png","type":"image\/png"}],"twitter_card":"summary_large_image","twitter_site":"@DornierMedTech","schema":{"@context":"https:\/\/schema.org","@graph":[{"@type":"WebPage","@id":"https:\/\/www.dornier.com\/pt-pt\/careers-with-dornier\/","url":"https:\/\/www.dornier.com\/pt-pt\/careers-with-dornier\/","name":"Careers with Dornier &#8212; 水仙直播","isPartOf":{"@id":"https:\/\/www.dornier.com\/#website"},"primaryImageOfPage":{"@id":"https:\/\/www.dornier.com\/pt-pt\/careers-with-dornier\/#primaryimage"},"image":{"@id":"https:\/\/www.dornier.com\/pt-pt\/careers-with-dornier\/#primaryimage"},"thumbnailUrl":"https:\/\/www.dornier.com\/wp-content\/uploads\/2023\/03\/Artboard-8@2x.png","datePublished":"2019-11-08T10:19:46+00:00","dateModified":"2025-01-17T09:24:48+00:00","description":"Carreiras na Dornier A Dornier tem vindo a liderar uma nova era da urologia e a ter impacto na vida de milh\u00f5es de pacientes em todo o mundo. Com base nos","breadcrumb":{"@id":"https:\/\/www.dornier.com\/pt-pt\/careers-with-dornier\/#breadcrumb"},"inLanguage":"pt-PT","potentialAction":[{"@type":"ReadAction","target":["https:\/\/www.dornier.com\/pt-pt\/careers-with-dornier\/"]}]},{"@type":"ImageObject","inLanguage":"pt-PT","@id":"https:\/\/www.dornier.com\/pt-pt\/careers-with-dornier\/#primaryimage","url":"https:\/\/www.dornier.com\/wp-content\/uploads\/2023\/03\/Artboard-8@2x.png","contentUrl":"https:\/\/www.dornier.com\/wp-content\/uploads\/2023\/03\/Artboard-8@2x.png"},{"@type":"BreadcrumbList","@id":"https:\/\/www.dornier.com\/pt-pt\/careers-with-dornier\/#breadcrumb","itemListElement":[{"@type":"ListItem","position":1,"name":"Home","item":"https:\/\/www.dornier.com\/"},{"@type":"ListItem","position":2,"name":"Careers with Dornier"}]},{"@type":"WebSite","@id":"https:\/\/www.dornier.com\/#website","url":"https:\/\/www.dornier.com\/","name":"水仙直播","description":"水仙直播 A Leading Urological Medical Device Company","publisher":{"@id":"https:\/\/www.dornier.com\/#organization"},"potentialAction":[{"@type":"SearchAction","target":{"@type":"EntryPoint","urlTemplate":"https:\/\/www.dornier.com\/?s={search_term_string}"},"query-input":{"@type":"PropertyValueSpecification","valueRequired":true,"valueName":"search_term_string"}}],"inLanguage":"pt-PT"},{"@type":"Organization","@id":"https:\/\/www.dornier.com\/#organization","name":"水仙直播","url":"https:\/\/www.dornier.com\/","logo":{"@type":"ImageObject","inLanguage":"pt-PT","@id":"https:\/\/www.dornier.com\/#\/schema\/logo\/image\/","url":"https:\/\/www.dornier.com\/wp-content\/uploads\/2015\/11\/cropped-Dornier-MedTech-h.png","contentUrl":"https:\/\/www.dornier.com\/wp-content\/uploads\/2015\/11\/cropped-Dornier-MedTech-h.png","width":292,"height":77,"caption":"水仙直播"},"image":{"@id":"https:\/\/www.dornier.com\/#\/schema\/logo\/image\/"},"sameAs":["https:\/\/www.facebook.com\/DornierMedTechGmbH\/","https:\/\/x.com\/DornierMedTech","https:\/\/www.instagram.com\/dorniermedtech\/","https:\/\/linkedin.com\/company\/dornier-medtech","https:\/\/www.youtube.com\/user\/DornierMedTechVideo\/"]}]}},"_links":{"self":[{"href":"https:\/\/www.dornier.com\/pt-pt\/wp-json\/wp\/v2\/pages\/61391","targetHints":{"allow":["GET"]}}],"collection":[{"href":"https:\/\/www.dornier.com\/pt-pt\/wp-json\/wp\/v2\/pages"}],"about":[{"href":"https:\/\/www.dornier.com\/pt-pt\/wp-json\/wp\/v2\/types\/page"}],"author":[{"embeddable":true,"href":"https:\/\/www.dornier.com\/pt-pt\/wp-json\/wp\/v2\/users\/20"}],"replies":[{"embeddable":true,"href":"https:\/\/www.dornier.com\/pt-pt\/wp-json\/wp\/v2\/comments?post=61391"}],"version-history":[{"count":0,"href":"https:\/\/www.dornier.com\/pt-pt\/wp-json\/wp\/v2\/pages\/61391\/revisions"}],"wp:attachment":[{"href":"https:\/\/www.dornier.com\/pt-pt\/wp-json\/wp\/v2\/media?parent=61391"}],"curies":[{"name":"wp","href":"https:\/\/api.w.org\/{rel}","templated":true}]}}